{"id":2154,"date":"2021-01-28T11:24:56","date_gmt":"2021-01-28T11:24:56","guid":{"rendered":"https:\/\/www.advanceceramic.it\/privacy\/"},"modified":"2021-01-28T11:24:56","modified_gmt":"2021-01-28T11:24:56","slug":"privacy","status":"publish","type":"page","link":"https:\/\/www.advanceceramic.it\/de\/privacy\/","title":{"rendered":"Privacy"},"content":{"rendered":"\t\t<div data-elementor-type=\"wp-page\" data-elementor-id=\"2154\" class=\"elementor elementor-2154 elementor-1425\" data-elementor-settings=\"[]\">\n\t\t\t\t\t\t<div class=\"elementor-inner\">\n\t\t\t\t\t\t\t<div class=\"elementor-section-wrap\">\n\t\t\t\t\t\t\t<section class=\"elementor-section elementor-top-section elementor-element elementor-element-8e0cb54 elementor-section-boxed elementor-section-height-default elementor-section-height-default\" data-id=\"8e0cb54\" data-element_type=\"section\">\n\t\t\t\t\t\t<div class=\"elementor-container elementor-column-gap-default\">\n\t\t\t\t\t\t\t<div class=\"elementor-row\">\n\t\t\t\t\t<div class=\"elementor-column elementor-col-100 elementor-top-column elementor-element elementor-element-22fcdbb\" data-id=\"22fcdbb\" data-element_type=\"column\">\n\t\t\t<div class=\"elementor-column-wrap elementor-element-populated\">\n\t\t\t\t\t\t\t<div class=\"elementor-widget-wrap\">\n\t\t\t\t\t\t<div class=\"elementor-element elementor-element-36a41d0 elementor-widget elementor-widget-text-editor\" data-id=\"36a41d0\" data-element_type=\"widget\" data-widget_type=\"text-editor.default\">\n\t\t\t\t<div class=\"elementor-widget-container\">\n\t\t\t\t\t\t\t\t<div class=\"elementor-text-editor elementor-clearfix\">\n\t\t\t\t<div class=\"page\" title=\"Page 1\">\n<div class=\"layoutArea\">\n<div class=\"column\">\n<p><strong>Web Privacy Policy<\/strong><\/p>\n<\/div>\n<\/div>\n<\/div>\n\t\t\t\t\t<\/div>\n\t\t\t\t\t\t<\/div>\n\t\t\t\t<\/div>\n\t\t\t\t\t\t<\/div>\n\t\t\t\t\t<\/div>\n\t\t<\/div>\n\t\t\t\t\t\t\t\t<\/div>\n\t\t\t\t\t<\/div>\n\t\t<\/section>\n\t\t\t\t<section class=\"elementor-section elementor-top-section elementor-element elementor-element-0979d68 elementor-section-boxed elementor-section-height-default elementor-section-height-default\" data-id=\"0979d68\" data-element_type=\"section\">\n\t\t\t\t\t\t<div class=\"elementor-container elementor-column-gap-default\">\n\t\t\t\t\t\t\t<div class=\"elementor-row\">\n\t\t\t\t\t<div class=\"elementor-column elementor-col-100 elementor-top-column elementor-element elementor-element-ba54ff9\" data-id=\"ba54ff9\" data-element_type=\"column\">\n\t\t\t<div class=\"elementor-column-wrap elementor-element-populated\">\n\t\t\t\t\t\t\t<div class=\"elementor-widget-wrap\">\n\t\t\t\t\t\t<div class=\"elementor-element elementor-element-78e4000 elementor-widget elementor-widget-text-editor\" data-id=\"78e4000\" data-element_type=\"widget\" data-widget_type=\"text-editor.default\">\n\t\t\t\t<div class=\"elementor-widget-container\">\n\t\t\t\t\t\t\t\t<div class=\"elementor-text-editor elementor-clearfix\">\n\t\t\t\t<p>Ai sensi dell&#8217;art. 13 del Regolamento Europeo 2016\/679 (il \u201c<strong>Regolamento Privacy<\/strong>\u201d), ITALCER S.p.A. intende informare tutti gli utenti e\/o visitatori del sito www.advanceceramic.it (rispettivamente gli \u201c<strong>Utenti<\/strong>\u201d e il \u201c<strong>Sito<\/strong>\u201d), in merito all\u2019utilizzo dei dati personali, dei log files e dei cookies raccolti tramite il Sito medesimo.<\/p>\n<p><strong>1. Titolare e Responsabile della Protezione dei Dati<\/strong><\/p>\n<p>Il titolare del trattamento dei dati personali Italcer S.p.A. (C.F. e P.IVA 00142060359), con sede legale in Via Emilia Ovest 53\/A, 42048 \u2013 Rubiera (RE) PEC <a href=\"mailto:rondine.amministrazione@pec.it\">rondine.amministrazione@pec.it<\/a> (di seguito il \u201c<strong>Titolare<\/strong>\u201d).<\/p>\n<p><strong>2. Informazioni raccolte dal Sito:<br \/><\/strong><strong>a) automaticamente<\/strong><\/p>\n<ul>\n<li><em>Dati di navigazione:<\/em><\/li>\n<\/ul>\n<p>I sistemi informatici e le procedure software preposte al funzionamento di questo sito acquisiscono, nel corso del loro normale esercizio, alcuni dati personali la cui trasmissione \u00e8 implicita nell\u2019uso dei protocolli di comunicazione di internet.<\/p>\n<p>Tali dati, necessari per la fruizione dei servizi web, vengono anche trattati allo scopo di:<\/p>\n<ul>\n<li>ottenere informazioni statistiche sull&#8217;uso dei servizi<\/li>\n<li>controllare il corretto funzionamento dei servizi offerti.<\/li>\n<\/ul>\n<p>I dati di navigazione non persistono per pi\u00f9 di 26 mesi. (salve eventuali necessit\u00e0 di accertamento di reati da parte dell&#8217;Autorit\u00e0 giudiziaria).<\/p>\n<p><strong>b) comunicate dall\u2019utente<\/strong><\/p>\n<p>&#8211;\u00a0 \u00a0\u00a0<em>Dati comunicati dall\u2019utente:<\/em><\/p>\n<p>L&#8217;invio facoltativo, esplicito e volontario di dati attraverso i diversi form di compilazione presenti sul sito che comportano l&#8217;acquisizione dei dati di contatto del mittente, necessari per adempiere alle richieste di contatto, servizi, eventuale assegnazione di credenziali per aree riservate.<\/p>\n<p><strong>c) tramite cookie <\/strong><\/p>\n<p>Il sito utilizza cookie, per i quali si rimanda all\u2019informativa estesa \u201cprivacy cookie\u201d<\/p>\n<p><strong>3) Tipologia di dati personali, finalit\u00e0, base giuridica e tempi di conservazione<\/strong><\/p>\n<p>I dati personali richiesti e forniti ci servono per consentire di accedere al sito ed utilizzare i seguenti servizi:<\/p>\n<p>Tipologia di servizio: <strong>area contatti per prodotti\/servizi<\/strong><\/p>\n<p>Tipo di dati personali raccolti: anagrafiche, dati di contatto (ad esempio: e-mail, numeri telefonici..)<\/p>\n<p>Finalit\u00e0: acquisire tramite compilazione di apposito form i riferimenti degli utenti del sito per soddisfare richieste di contatto informativo\/commerciale (Area Contatti)<\/p>\n<p>Base giuridica: consenso\/esecuzione contratto<\/p>\n<p>Tempi di conservazione: 24 mesi dall\u2019acquisizione o dal rinnovo del contatto<\/p>\n<p>Il trattamento dei dati per le finalit\u00e0 che precedono verr\u00e0 effettuato in ossequio al Regolamento Privacy e a tutte le specifiche normative di settore.<\/p>\n<p>I dati forniti verranno trattati prevalentemente con strumenti informatici sotto l\u2019autorit\u00e0 del Titolare del trattamento, da parte di soggetti specificamente incaricati, autorizzati ed istruiti al trattamento ai sensi degli articoli 28 e 29 del Regolamento Privacy. Si informa che sono osservate idonee misure di sicurezza anche ai sensi degli artt.5 e 32 del Regolamento Privacy per prevenire la perdita dei dati, usi illeciti o non corretti ed accessi non autorizzati.<\/p>\n<p><strong>4) Natura obbligatoria o facoltativa del consenso per il conferimento dei dati<\/strong><\/p>\n<p>Il conferimento dei dati \u00e8 facoltativo ma in caso di mancato conferimento non sar\u00e0 possibile usufruire di alcuni servizi previsti dal nostro sito<\/p>\n<p><strong>5)<\/strong> <strong>In che ambito possiamo trasmettere i dati<\/strong><\/p>\n<p>I dati potranno essere comunicati, all\u2019interno dell\u2019UE, nel pieno rispetto di quanto previsto dal Regolamento Privacy, ai seguenti soggetti:<\/p>\n<p>(1) all\u2019amministrazione finanziaria e\/o altre autorit\u00e0 pubbliche, ove ci\u00f2 sia imposto dalla legge o su loro richiesta;<\/p>\n<p>(2) alle strutture, ai soggetti ed alle societ\u00e0 esterne di cui il Titolare si avvale per lo svolgimento di attivit\u00e0 connesse, strumentali o conseguenti all\u2019esecuzione dei Servizi del Sito<\/p>\n<p>Le informazioni raccolte automaticamente dal Sito potranno essere anche trasferiti in server cloud di Terze Parti ubicati anche Extra UE, qualora tale trattamento risulti necessario per l\u2019esecuzione dei servizi del sito. La base giuridica di detto trattamento \u00e8, pertanto, l\u2019art. 49, comma 1, lett. b del Regolamento Privacy.<\/p>\n<p><strong>6) Misure di sicurezza<\/strong><\/p>\n<p>Attraverso il Sito i dati sono trattati nel rispetto della legge applicabile ed utilizzando adeguate misure di sicurezza in conformit\u00e0 alla normativa in vigore anche ai sensi degli artt. 5 e 32 del Regolamento Privacy.<\/p>\n<p>In merito, si conferma, tra l\u2019altro, l\u2019adozione di opportune misure di sicurezza volte ad impedire accessi non autorizzati, furto, divulgazione, modifica o distruzione non autorizzata dei dati trattati.<\/p>\n<p><strong>7) I diritti<\/strong><\/p>\n<p>Si ricorda che in qualsiasi momento si potranno esercitare i diritti di cui gli artt. 15 e ss. del Regolamento Privacy, inviando una comunicazione scritta ai recapiti del Titolare, con lo scopo di ottenere:<\/p>\n<ul>\n<li>la conferma dell&#8217;esistenza o meno dei dati personali con indicazione della relativa origine, verificarne l\u2019esattezza o richiederne l&#8217;aggiornamento, la rettifica, l&#8217;integrazione;<\/li>\n<li>l\u2019accesso, la cancellazione dei dati o la limitazione del trattamento;<\/li>\n<li>la trasformazione in forma anonima o il blocco dei dati trattati in violazione di legge.<\/li>\n<\/ul>\n<p>Ci si potr\u00e0 inoltre opporre al trattamento dei dati personali precedentemente forniti.<\/p>\n<p>Con riferimento alla Newsletter, si evidenzia che l\u2019eventuale richiesta di cancellazione potr\u00e0 essere esplicitata tramite l\u2019utilizzo di un apposito link\/pulsante.<\/p>\n<p><strong>8) Modifiche all\u2019Informativa Privacy <\/strong><\/p>\n<p>Il Titolare si riserva la facolt\u00e0 di apportare modifiche alla presente Informativa Privacy, sostituendola alle versioni precedenti.\u00a0 La presente informativa \u00e8 stata rilasciata in gennaio 2021<\/p>\n\t\t\t\t\t<\/div>\n\t\t\t\t\t\t<\/div>\n\t\t\t\t<\/div>\n\t\t\t\t\t\t<\/div>\n\t\t\t\t\t<\/div>\n\t\t<\/div>\n\t\t\t\t\t\t\t\t<\/div>\n\t\t\t\t\t<\/div>\n\t\t<\/section>\n\t\t\t\t<section class=\"elementor-section elementor-top-section elementor-element elementor-element-9914c3c elementor-section-boxed elementor-section-height-default elementor-section-height-default\" data-id=\"9914c3c\" data-element_type=\"section\">\n\t\t\t\t\t\t<div class=\"elementor-container elementor-column-gap-default\">\n\t\t\t\t\t\t\t<div class=\"elementor-row\">\n\t\t\t\t\t<div class=\"elementor-column elementor-col-100 elementor-top-column elementor-element elementor-element-a0662b1\" data-id=\"a0662b1\" data-element_type=\"column\">\n\t\t\t<div class=\"elementor-column-wrap elementor-element-populated\">\n\t\t\t\t\t\t\t<div class=\"elementor-widget-wrap\">\n\t\t\t\t\t\t<div class=\"elementor-element elementor-element-d5e0f5d elementor-widget elementor-widget-spacer\" data-id=\"d5e0f5d\" data-element_type=\"widget\" data-widget_type=\"spacer.default\">\n\t\t\t\t<div class=\"elementor-widget-container\">\n\t\t\t\t\t<div class=\"elementor-spacer\">\n\t\t\t<div class=\"elementor-spacer-inner\"><\/div>\n\t\t<\/div>\n\t\t\t\t<\/div>\n\t\t\t\t<\/div>\n\t\t\t\t\t\t<\/div>\n\t\t\t\t\t<\/div>\n\t\t<\/div>\n\t\t\t\t\t\t\t\t<\/div>\n\t\t\t\t\t<\/div>\n\t\t<\/section>\n\t\t\t\t\t\t<\/div>\n\t\t\t\t\t\t<\/div>\n\t\t\t\t\t<\/div>\n\t\t","protected":false},"excerpt":{"rendered":"<p>Web Privacy Policy Ai sensi dell&#8217;art. 13 del Regolamento Europeo 2016\/679 (il \u201cRegolamento Privacy\u201d), ITALCER S.p.A. intende informare tutti gli utenti e\/o visitatori del sito www.advanceceramic.it (rispettivamente gli \u201cUtenti\u201d e il \u201cSito\u201d), in merito all\u2019utilizzo dei dati personali, dei log files e dei cookies raccolti tramite il Sito medesimo. 1. Titolare e Responsabile della Protezione &hellip;<\/p>\n<p class=\"read-more\"> <a class=\"\" href=\"https:\/\/www.advanceceramic.it\/de\/privacy\/\"> <span class=\"screen-reader-text\">Privacy<\/span> Weiterlesen &raquo;<\/a><\/p>\n","protected":false},"author":1,"featured_media":0,"parent":0,"menu_order":0,"comment_status":"closed","ping_status":"closed","template":"","meta":{"site-sidebar-layout":"no-sidebar","site-content-layout":"page-builder","ast-main-header-display":"","ast-hfb-above-header-display":"","ast-hfb-below-header-display":"","ast-hfb-mobile-header-display":"","site-post-title":"disabled","ast-breadcrumbs-content":"","ast-featured-img":"disabled","footer-sml-layout":"","theme-transparent-header-meta":"default","adv-header-id-meta":"","stick-header-meta":"","header-above-stick-meta":"","header-main-stick-meta":"","header-below-stick-meta":""},"yoast_head":"<!-- This site is optimized with the Yoast SEO plugin v18.1 - https:\/\/yoast.com\/wordpress\/plugins\/seo\/ -->\n<title>ADVANCE\u00ae: privacy policy<\/title>\n<meta name=\"robots\" content=\"index, follow, max-snippet:-1, max-image-preview:large, max-video-preview:-1\" \/>\n<link rel=\"canonical\" href=\"https:\/\/www.advanceceramic.it\/de\/privacy\/\" \/>\n<meta property=\"og:locale\" content=\"de_DE\" \/>\n<meta property=\"og:type\" content=\"article\" \/>\n<meta property=\"og:title\" content=\"ADVANCE\u00ae: privacy policy\" \/>\n<meta property=\"og:description\" content=\"Web Privacy Policy Ai sensi dell&#8217;art. 13 del Regolamento Europeo 2016\/679 (il \u201cRegolamento Privacy\u201d), ITALCER S.p.A. intende informare tutti gli utenti e\/o visitatori del sito www.advanceceramic.it (rispettivamente gli \u201cUtenti\u201d e il \u201cSito\u201d), in merito all\u2019utilizzo dei dati personali, dei log files e dei cookies raccolti tramite il Sito medesimo. 1. Titolare e Responsabile della Protezione &hellip; Privacy Weiterlesen &raquo;\" \/>\n<meta property=\"og:url\" content=\"https:\/\/www.advanceceramic.it\/de\/privacy\/\" \/>\n<meta property=\"og:site_name\" content=\"Advance\" \/>\n<meta name=\"twitter:card\" content=\"summary_large_image\" \/>\n<meta name=\"twitter:label1\" content=\"Gesch\u00e4tzte Lesezeit\" \/>\n\t<meta name=\"twitter:data1\" content=\"4 Minuten\" \/>\n<script type=\"application\/ld+json\" class=\"yoast-schema-graph\">{\"@context\":\"https:\/\/schema.org\",\"@graph\":[{\"@type\":\"WebSite\",\"@id\":\"https:\/\/www.advanceceramic.it\/#website\",\"url\":\"https:\/\/www.advanceceramic.it\/\",\"name\":\"Advance\",\"description\":\"\",\"potentialAction\":[{\"@type\":\"SearchAction\",\"target\":{\"@type\":\"EntryPoint\",\"urlTemplate\":\"https:\/\/www.advanceceramic.it\/?s={search_term_string}\"},\"query-input\":\"required name=search_term_string\"}],\"inLanguage\":\"de-DE\"},{\"@type\":\"WebPage\",\"@id\":\"https:\/\/www.advanceceramic.it\/de\/privacy\/#webpage\",\"url\":\"https:\/\/www.advanceceramic.it\/de\/privacy\/\",\"name\":\"ADVANCE\u00ae: privacy policy\",\"isPartOf\":{\"@id\":\"https:\/\/www.advanceceramic.it\/#website\"},\"datePublished\":\"2021-01-28T11:24:56+00:00\",\"dateModified\":\"2021-01-28T11:24:56+00:00\",\"breadcrumb\":{\"@id\":\"https:\/\/www.advanceceramic.it\/de\/privacy\/#breadcrumb\"},\"inLanguage\":\"de-DE\",\"potentialAction\":[{\"@type\":\"ReadAction\",\"target\":[\"https:\/\/www.advanceceramic.it\/de\/privacy\/\"]}]},{\"@type\":\"BreadcrumbList\",\"@id\":\"https:\/\/www.advanceceramic.it\/de\/privacy\/#breadcrumb\",\"itemListElement\":[{\"@type\":\"ListItem\",\"position\":1,\"name\":\"Home\",\"item\":\"https:\/\/www.advanceceramic.it\/de\/\"},{\"@type\":\"ListItem\",\"position\":2,\"name\":\"Privacy\"}]}]}<\/script>\n<!-- \/ Yoast SEO plugin. -->","yoast_head_json":{"title":"ADVANCE\u00ae: privacy policy","robots":{"index":"index","follow":"follow","max-snippet":"max-snippet:-1","max-image-preview":"max-image-preview:large","max-video-preview":"max-video-preview:-1"},"canonical":"https:\/\/www.advanceceramic.it\/de\/privacy\/","og_locale":"de_DE","og_type":"article","og_title":"ADVANCE\u00ae: privacy policy","og_description":"Web Privacy Policy Ai sensi dell&#8217;art. 13 del Regolamento Europeo 2016\/679 (il \u201cRegolamento Privacy\u201d), ITALCER S.p.A. intende informare tutti gli utenti e\/o visitatori del sito www.advanceceramic.it (rispettivamente gli \u201cUtenti\u201d e il \u201cSito\u201d), in merito all\u2019utilizzo dei dati personali, dei log files e dei cookies raccolti tramite il Sito medesimo. 1. Titolare e Responsabile della Protezione &hellip; Privacy Weiterlesen &raquo;","og_url":"https:\/\/www.advanceceramic.it\/de\/privacy\/","og_site_name":"Advance","twitter_card":"summary_large_image","twitter_misc":{"Gesch\u00e4tzte Lesezeit":"4 Minuten"},"schema":{"@context":"https:\/\/schema.org","@graph":[{"@type":"WebSite","@id":"https:\/\/www.advanceceramic.it\/#website","url":"https:\/\/www.advanceceramic.it\/","name":"Advance","description":"","potentialAction":[{"@type":"SearchAction","target":{"@type":"EntryPoint","urlTemplate":"https:\/\/www.advanceceramic.it\/?s={search_term_string}"},"query-input":"required name=search_term_string"}],"inLanguage":"de-DE"},{"@type":"WebPage","@id":"https:\/\/www.advanceceramic.it\/de\/privacy\/#webpage","url":"https:\/\/www.advanceceramic.it\/de\/privacy\/","name":"ADVANCE\u00ae: privacy policy","isPartOf":{"@id":"https:\/\/www.advanceceramic.it\/#website"},"datePublished":"2021-01-28T11:24:56+00:00","dateModified":"2021-01-28T11:24:56+00:00","breadcrumb":{"@id":"https:\/\/www.advanceceramic.it\/de\/privacy\/#breadcrumb"},"inLanguage":"de-DE","potentialAction":[{"@type":"ReadAction","target":["https:\/\/www.advanceceramic.it\/de\/privacy\/"]}]},{"@type":"BreadcrumbList","@id":"https:\/\/www.advanceceramic.it\/de\/privacy\/#breadcrumb","itemListElement":[{"@type":"ListItem","position":1,"name":"Home","item":"https:\/\/www.advanceceramic.it\/de\/"},{"@type":"ListItem","position":2,"name":"Privacy"}]}]}},"_links":{"self":[{"href":"https:\/\/www.advanceceramic.it\/de\/wp-json\/wp\/v2\/pages\/2154"}],"collection":[{"href":"https:\/\/www.advanceceramic.it\/de\/wp-json\/wp\/v2\/pages"}],"about":[{"href":"https:\/\/www.advanceceramic.it\/de\/wp-json\/wp\/v2\/types\/page"}],"author":[{"embeddable":true,"href":"https:\/\/www.advanceceramic.it\/de\/wp-json\/wp\/v2\/users\/1"}],"replies":[{"embeddable":true,"href":"https:\/\/www.advanceceramic.it\/de\/wp-json\/wp\/v2\/comments?post=2154"}],"version-history":[{"count":1,"href":"https:\/\/www.advanceceramic.it\/de\/wp-json\/wp\/v2\/pages\/2154\/revisions"}],"predecessor-version":[{"id":2155,"href":"https:\/\/www.advanceceramic.it\/de\/wp-json\/wp\/v2\/pages\/2154\/revisions\/2155"}],"wp:attachment":[{"href":"https:\/\/www.advanceceramic.it\/de\/wp-json\/wp\/v2\/media?parent=2154"}],"curies":[{"name":"wp","href":"https:\/\/api.w.org\/{rel}","templated":true}]}}