{"id":3652,"date":"2021-02-05T08:53:48","date_gmt":"2021-02-05T08:53:48","guid":{"rendered":"https:\/\/www.advanceceramic.it\/contactos\/"},"modified":"2021-02-05T10:28:27","modified_gmt":"2021-02-05T10:28:27","slug":"contactos","status":"publish","type":"page","link":"https:\/\/www.advanceceramic.it\/es\/contactos\/","title":{"rendered":"Contactos"},"content":{"rendered":"\t\t<div data-elementor-type=\"wp-page\" data-elementor-id=\"3652\" class=\"elementor elementor-3652 elementor-1506\" data-elementor-settings=\"[]\">\n\t\t\t\t\t\t<div class=\"elementor-inner\">\n\t\t\t\t\t\t\t<div class=\"elementor-section-wrap\">\n\t\t\t\t\t\t\t<section class=\"elementor-section elementor-top-section elementor-element elementor-element-8e0cb54 elementor-section-boxed elementor-section-height-default elementor-section-height-default\" data-id=\"8e0cb54\" data-element_type=\"section\">\n\t\t\t\t\t\t<div class=\"elementor-container elementor-column-gap-default\">\n\t\t\t\t\t\t\t<div class=\"elementor-row\">\n\t\t\t\t\t<div class=\"elementor-column elementor-col-100 elementor-top-column elementor-element elementor-element-22fcdbb\" data-id=\"22fcdbb\" data-element_type=\"column\">\n\t\t\t<div class=\"elementor-column-wrap elementor-element-populated\">\n\t\t\t\t\t\t\t<div class=\"elementor-widget-wrap\">\n\t\t\t\t\t\t<div class=\"elementor-element elementor-element-36a41d0 elementor-widget elementor-widget-text-editor\" data-id=\"36a41d0\" data-element_type=\"widget\" data-widget_type=\"text-editor.default\">\n\t\t\t\t<div class=\"elementor-widget-container\">\n\t\t\t\t\t\t\t\t<div class=\"elementor-text-editor elementor-clearfix\">\n\t\t\t\t<div class=\"page\" title=\"Page 1\"><div class=\"layoutArea\"><div class=\"column\"><p>Cont\u00e1ctenos<\/p><\/div><\/div><\/div>\t\t\t\t\t<\/div>\n\t\t\t\t\t\t<\/div>\n\t\t\t\t<\/div>\n\t\t\t\t<div class=\"elementor-element elementor-element-78e4000 elementor-widget elementor-widget-text-editor\" data-id=\"78e4000\" data-element_type=\"widget\" data-widget_type=\"text-editor.default\">\n\t\t\t\t<div class=\"elementor-widget-container\">\n\t\t\t\t\t\t\t\t<div class=\"elementor-text-editor elementor-clearfix\">\n\t\t\t\t<p style=\"font-weight: 400;\">Quieres saber m\u00e1s sobre nuestra tecnolog\u00eda?<br \/>No dudes en contactarnos: \u00a1rellena el siguiente formulario, te contestaremos lo antes posible!<\/p>\t\t\t\t\t<\/div>\n\t\t\t\t\t\t<\/div>\n\t\t\t\t<\/div>\n\t\t\t\t\t\t<\/div>\n\t\t\t\t\t<\/div>\n\t\t<\/div>\n\t\t\t\t\t\t\t\t<\/div>\n\t\t\t\t\t<\/div>\n\t\t<\/section>\n\t\t\t\t<section class=\"elementor-section elementor-top-section elementor-element elementor-element-0979d68 elementor-section-boxed elementor-section-height-default elementor-section-height-default\" data-id=\"0979d68\" data-element_type=\"section\">\n\t\t\t\t\t\t<div class=\"elementor-container elementor-column-gap-default\">\n\t\t\t\t\t\t\t<div class=\"elementor-row\">\n\t\t\t\t\t<div class=\"elementor-column elementor-col-100 elementor-top-column elementor-element elementor-element-ba54ff9\" data-id=\"ba54ff9\" data-element_type=\"column\">\n\t\t\t<div class=\"elementor-column-wrap elementor-element-populated\">\n\t\t\t\t\t\t\t<div class=\"elementor-widget-wrap\">\n\t\t\t\t\t\t<div class=\"elementor-element elementor-element-eb87b92 uael-cf7-input-size-xs uael-cf7-style-box uael-cf7-button-left uael-cf7-btn-size-sm uael-cf7-highlight-style-default elementor-widget elementor-widget-uael-cf7-styler\" data-id=\"eb87b92\" data-element_type=\"widget\" data-widget_type=\"uael-cf7-styler.default\">\n\t\t\t\t<div class=\"elementor-widget-container\">\n\t\t\t\t\t\t\t<div class = \"uael-cf7-container\">\n\t\t\t\t\t\t<div class = \"uael-cf7 uael-cf7-style elementor-clickable\">\n\t\t\t\t\t\t<div role=\"form\" class=\"wpcf7\" id=\"wpcf7-f3765-o1\" lang=\"en-US\" dir=\"ltr\">\n<div class=\"screen-reader-response\"><p role=\"status\" aria-live=\"polite\" aria-atomic=\"true\"><\/p> <ul><\/ul><\/div>\n<form action=\"\/es\/wp-json\/wp\/v2\/pages\/3652#wpcf7-f3765-o1\" method=\"post\" class=\"wpcf7-form init\" novalidate=\"novalidate\" data-status=\"init\">\n<div style=\"display: none;\">\n<input type=\"hidden\" name=\"_wpcf7\" value=\"3765\" \/>\n<input type=\"hidden\" name=\"_wpcf7_version\" value=\"5.5.5\" \/>\n<input type=\"hidden\" name=\"_wpcf7_locale\" value=\"en_US\" \/>\n<input type=\"hidden\" name=\"_wpcf7_unit_tag\" value=\"wpcf7-f3765-o1\" \/>\n<input type=\"hidden\" name=\"_wpcf7_container_post\" value=\"0\" \/>\n<input type=\"hidden\" name=\"_wpcf7_posted_data_hash\" value=\"\" \/>\n<input type=\"hidden\" name=\"_wpcf7_recaptcha_response\" value=\"\" \/>\n<\/div>\n<p><label>A qui\u00e9n quieres contactar?<br \/>\n    <span class=\"wpcf7-form-control-wrap contatto\"><select name=\"contatto\" class=\"wpcf7-form-control wpcf7-select wpcf7-validates-as-required\" aria-required=\"true\" aria-invalid=\"false\"><option value=\"\">---<\/option><option value=\"Ceramica Rondine\">Ceramica Rondine<\/option><option value=\"Elios Ceramica\">Elios Ceramica<\/option><option value=\"La Fabbrica Ceramiche\">La Fabbrica Ceramiche<\/option><\/select><\/span> <\/label><\/p>\n<div class=\"ast-row\" style=\"margin-bottom: 0;\">\n<div class=\"ast-col-xs-12 ast-col-sm-12 ast-col-md-12 ast-col-lg-4\">\n<label> Nombre *<br \/>\n<span class=\"wpcf7-form-control-wrap nome\"><input type=\"text\" name=\"nome\" value=\"\" size=\"40\" class=\"wpcf7-form-control wpcf7-text wpcf7-validates-as-required\" aria-required=\"true\" aria-invalid=\"false\" \/><\/span> <\/label>\n<\/div>\n<div class=\"ast-col-xs-12 ast-col-sm-12 ast-col-md-12 ast-col-lg-4\">\n<label> Apellido*<br \/>\n<span class=\"wpcf7-form-control-wrap cognome\"><input type=\"text\" name=\"cognome\" value=\"\" size=\"40\" class=\"wpcf7-form-control wpcf7-text wpcf7-validates-as-required\" aria-required=\"true\" aria-invalid=\"false\" \/><\/span> <\/label>\n<\/div>\n<div class=\"ast-col-xs-12 ast-col-sm-12 ast-col-md-12 ast-col-lg-4\">\n<label> Correo electr\u00f3nico*<br \/>\n    <span class=\"wpcf7-form-control-wrap your-email\"><input type=\"email\" name=\"your-email\" value=\"\" size=\"40\" class=\"wpcf7-form-control wpcf7-text wpcf7-email wpcf7-validates-as-required wpcf7-validates-as-email\" aria-required=\"true\" aria-invalid=\"false\" \/><\/span> <\/label>\n<\/div>\n<div class=\"ast-col-xs-12 ast-col-sm-12 ast-col-md-12 ast-col-lg-4\">\n<label> Direcci\u00f3n<br \/>\n<span class=\"wpcf7-form-control-wrap indirizzo\"><input type=\"text\" name=\"indirizzo\" value=\"\" size=\"40\" class=\"wpcf7-form-control wpcf7-text\" aria-invalid=\"false\" \/><\/span> <\/label>\n<\/div>\n<div class=\"ast-col-xs-12 ast-col-sm-12 ast-col-md-12 ast-col-lg-4\">\n<label> Ciudad *<br \/>\n<span class=\"wpcf7-form-control-wrap citta\"><input type=\"text\" name=\"citta\" value=\"\" size=\"40\" class=\"wpcf7-form-control wpcf7-text wpcf7-validates-as-required\" aria-required=\"true\" aria-invalid=\"false\" \/><\/span> <\/label>\n<\/div>\n<div class=\"ast-col-xs-12 ast-col-sm-12 ast-col-md-12 ast-col-lg-4\">\n<label> Tel\u00e9fono*<br \/>\n   <span class=\"wpcf7-form-control-wrap tel-328\"><input type=\"tel\" name=\"tel-328\" value=\"\" size=\"40\" class=\"wpcf7-form-control wpcf7-text wpcf7-tel wpcf7-validates-as-required wpcf7-validates-as-tel\" aria-required=\"true\" aria-invalid=\"false\" \/><\/span> <\/label>\n<\/div>\n<\/div>\n<p><label> Mensaje<br \/>\n  <span class=\"wpcf7-form-control-wrap messaggio\"><textarea name=\"messaggio\" cols=\"40\" rows=\"10\" class=\"wpcf7-form-control wpcf7-textarea wpcf7-validates-as-required\" aria-required=\"true\" aria-invalid=\"false\"><\/textarea><\/span> <\/label><br \/>\nIn compliance with art. 13 of European Regulation 2016\/679 (the \u201cData Protection Regulation\u201d), ITALCER S.p.A. wishes to inform all users and\/or visitors of the web site www.eliosceramica.it (the \u201cUsers\u201d and the \u201cSite\u201d, respectively) of how it will use personal data, log files and cookies collected through the Site.<\/p>\n<h4>1. Data Controller and Data Protection Officer<\/h4>\n<p>The Data Controller of personal data is Italcer S.p.A. (tax code and VAT no. 00142060359), with registered offices at Via Emilia Ovest 53\/A, 42048 \u2013 Rubiera (RE), certified e-mail address rondine.amministrazione@pec.it (hereinafter referred to as the \u201cData Controller\u201d).<\/p>\n<h4>2. Information is collected through the Site:<\/h4>\n<p>a) automatically<\/p>\n<p>Browsing data:<br \/>\nThe computer systems and software procedures that operate the Site acquire a number of items of personal data during ordinary operation, the transmission of which is implicit in use of internet communication protocols.<\/p>\n<p>These data, which are necessary for use of web services, are also processed for the purpose of:<\/p>\n<p>obtaining statistical information on use of services<br \/>\nchecking that the services offered are functioning properly.<br \/>\nBrowsing data are not kept for more than 26 months (unless required for criminal investigations by judicial authorities).<\/p>\n<p>b) provided by the user<\/p>\n<p>\u2013 Data provided by the user:<\/p>\n<p>Optional, explicit, voluntary submission of data by filling in various forms present on the Site involving acquisition of the sender\u2019s contact information, necessary for fulfilling requests for contact, services, or assignment of access credentials for restricted areas on the Site.<\/p>\n<p>c) in the form of cookies<\/p>\n<p>The Site uses cookies, for information on which the reader is referred to the complete information on \u201cCookie Policy \u201d<\/p>\n<h4>3) Type of personal data, purposes, legal basis and storage time<\/h4>\n<p>The personal data requested and supplied is needed to permit access to the Site and use of the following services:<\/p>\n<p>Type of service: Contact Us area for products<br \/>\nType of personal data collected: identifying information, contact information (such as e-mail, telephone numbers\u2026)<br \/>\nPurposes: acquiring information on Site users by filling in appropriate forms in order to respond to requests to be contacted for information or sales purposes (Contact Us area)<br \/>\nLegal basis: consent\/execution of contract<br \/>\nStorage time: 24 months from acquisition or from renewal of contact<br \/>\nType of service: newsletter service;<br \/>\nType of personal data collected: identifying information, e-mail contact information.<br \/>\nPurposes: to contact subscribers and send them a periodic newsletter on the company\u2019s activities (NEWSLETTER)<br \/>\nLegal basis: consent<br \/>\nStorage time: 24 months or until consent is revoked<\/p>\n<p>Data is processed for the purposes listed above in compliance with the Data Protection Regulation and all specific legislation governing the sector.<\/p>\n<p>The data supplied will be processed primarily by computer under the Data Controller\u2019s authority, by specifically appointed persons who are authorised and instructed in data processing under articles 28 and 29 of the Data Protection Regulation. Note that appropriate security measures are taken in compliance with art.5 and 32 of the Data Protection Regulation to prevent data loss, unlawful or improper use or unauthorised access.<\/p>\n<h4>4) Obligatory or optional nature of consent for providing data<\/h4>\n<p>Providing your data is optional, but you will not be able to use some of the services offered on our Site if you do not provide it.<\/p>\n<h4>5) In what circumstances your data may be disclosed<\/h4>\n<p>Data may be disclosed to the following parties, within the EU and in compliance with the Data Protection Regulation:<\/p>\n<p>(1) financial authorities and\/or other public authorities, where required by law or requested by them;<br \/>\n(2) to external organisations, parties and companies whose services the Data Controller uses for activities connected to, instrumental for or consequent upon execution of services on the Site<\/p>\n<p>Information collected automatically by the Site may also be transferred to a Third Party\u2019s cloud server outside the EU, if this type of processing is necessary to provide services on the Site. The legal basis of this processing is therefore art. 49, paragraph 1, letter b of the Data Protection Regulation.<\/p>\n<h4>6) Security measures<\/h4>\n<p>Data is processed through the Site in compliance with the applicable legislation and using appropriate security measures in compliance with current legislation, also under art. 5 and 32 of the Data Protection Regulation.<\/p>\n<p>In this regard, appropriate security measures are taken to prevent unauthorised access, theft, dissemination, modification or unauthorised destruction of the data processed.<\/p>\n<h4>7) Rights<\/h4>\n<p>Note that you may exercise your rights under art. 15 et seq. of the Data Protection Regulation at any time by sending a written request to the Data Controller at the addresses specified, with the goal of obtaining:<\/p>\n<p>\u2022 confirmation whether your personal data is held or not, identifying its origin, checking its accuracy or requesting its updating, correction or integration;<br \/>\n\u2022 access to or deletion of your data, or limitation of the processing thereof;<br \/>\n\u2022 conversion into anonymous form or freezing of data processed in violation of the law.<br \/>\nYou may also object to processing of personal data already supplied.<\/p>\n<p>With reference to the Newsletter, note that you may request cancellation of your subscription through a link or button provided for the purpose.<\/p>\n<h4>8) Changes to the Personal Data Protection Notice<\/h4>\n<p>The Data Controller reserves the right to make changes to this Personal Data Protection Notice, replacing the previous versions. This Personal Data Protection Notice was issued in January 2021.<\/p>\n<p><span class=\"wpcf7-form-control-wrap acceptance-32\"><span class=\"wpcf7-form-control wpcf7-acceptance\"><span class=\"wpcf7-list-item\"><label><input type=\"checkbox\" name=\"acceptance-32\" value=\"1\" aria-invalid=\"false\" \/><span class=\"wpcf7-list-item-label\">I accept the <a href=\"\/es\/privacy\/\" target=\"blank\">Privacy Policy <\/a>(required)<\/span><\/label><\/span><\/span><\/span><span class=\"wpcf7-form-control-wrap acceptance-290\"><span class=\"wpcf7-form-control wpcf7-acceptance optional\"><span class=\"wpcf7-list-item\"><label><input type=\"checkbox\" name=\"acceptance-290\" value=\"1\" aria-invalid=\"false\" \/><span class=\"wpcf7-list-item-label\">Subscribe to newsletter<\/span><\/label><\/span><\/span><\/span><\/p>\n<p><input type=\"submit\" value=\"ENVIAR PETICI\u00d3N\" class=\"wpcf7-form-control has-spinner wpcf7-submit\" \/><\/p>\n<div class=\"wpcf7-response-output\" aria-hidden=\"true\"><\/div><\/form><\/div>\t\t\t\t\t<\/div>\n\t\t\t\t<\/div>\n\t\t\t\t\t\t<\/div>\n\t\t\t\t<\/div>\n\t\t\t\t\t\t<\/div>\n\t\t\t\t\t<\/div>\n\t\t<\/div>\n\t\t\t\t\t\t\t\t<\/div>\n\t\t\t\t\t<\/div>\n\t\t<\/section>\n\t\t\t\t\t\t<\/div>\n\t\t\t\t\t\t<\/div>\n\t\t\t\t\t<\/div>\n\t\t","protected":false},"excerpt":{"rendered":"<p>Cont\u00e1ctenos Quieres saber m\u00e1s sobre nuestra tecnolog\u00eda? No dudes en contactarnos: \u00a1rellena el siguiente formulario, te contestaremos lo antes posible! A qui\u00e9n quieres contactar? &#8212;Ceramica RondineElios CeramicaLa Fabbrica Ceramiche Nombre * Apellido* Correo electr\u00f3nico* Direcci\u00f3n Ciudad * Tel\u00e9fono* Mensaje Acconsento all\u2019utilizzo dei miei dati personali per soddisfare la mia richiesta come indicato nell\u2019informativa. Se desideri &hellip;<\/p>\n<p class=\"read-more\"> <a class=\"\" href=\"https:\/\/www.advanceceramic.it\/es\/contactos\/\"> <span class=\"screen-reader-text\">Contactos<\/span> Leer m\u00e1s &raquo;<\/a><\/p>\n","protected":false},"author":1,"featured_media":0,"parent":0,"menu_order":0,"comment_status":"closed","ping_status":"closed","template":"","meta":{"site-sidebar-layout":"no-sidebar","site-content-layout":"page-builder","ast-main-header-display":"","ast-hfb-above-header-display":"","ast-hfb-below-header-display":"","ast-hfb-mobile-header-display":"","site-post-title":"disabled","ast-breadcrumbs-content":"","ast-featured-img":"disabled","footer-sml-layout":"","theme-transparent-header-meta":"default","adv-header-id-meta":"","stick-header-meta":"","header-above-stick-meta":"","header-main-stick-meta":"","header-below-stick-meta":""},"yoast_head":"<!-- This site is optimized with the Yoast SEO plugin v18.1 - https:\/\/yoast.com\/wordpress\/plugins\/seo\/ -->\n<title>Tecnolog\u00eda ADVANCE\u00ae: Cont\u00e1ctenos<\/title>\n<meta name=\"description\" content=\"Quieres saber m\u00e1s sobre nuestra tecnolog\u00eda?No dudes en contactarnos: \u00a1rellena el siguiente formulario, te contestaremos lo antes posible!\" \/>\n<meta name=\"robots\" content=\"index, follow, max-snippet:-1, max-image-preview:large, max-video-preview:-1\" \/>\n<link rel=\"canonical\" href=\"https:\/\/www.advanceceramic.it\/es\/contactos\/\" \/>\n<meta property=\"og:locale\" content=\"es_ES\" \/>\n<meta property=\"og:type\" content=\"article\" \/>\n<meta property=\"og:title\" content=\"Tecnolog\u00eda ADVANCE\u00ae: Cont\u00e1ctenos\" \/>\n<meta property=\"og:description\" content=\"Quieres saber m\u00e1s sobre nuestra tecnolog\u00eda?No dudes en contactarnos: \u00a1rellena el siguiente formulario, te contestaremos lo antes posible!\" \/>\n<meta property=\"og:url\" content=\"https:\/\/www.advanceceramic.it\/es\/contactos\/\" \/>\n<meta property=\"og:site_name\" content=\"Advance\" \/>\n<meta property=\"article:modified_time\" content=\"2021-02-05T10:28:27+00:00\" \/>\n<meta name=\"twitter:card\" content=\"summary_large_image\" \/>\n<meta name=\"twitter:label1\" content=\"Tiempo de lectura\" \/>\n\t<meta name=\"twitter:data1\" content=\"1 minuto\" \/>\n<script type=\"application\/ld+json\" class=\"yoast-schema-graph\">{\"@context\":\"https:\/\/schema.org\",\"@graph\":[{\"@type\":\"WebSite\",\"@id\":\"https:\/\/www.advanceceramic.it\/#website\",\"url\":\"https:\/\/www.advanceceramic.it\/\",\"name\":\"Advance\",\"description\":\"\",\"potentialAction\":[{\"@type\":\"SearchAction\",\"target\":{\"@type\":\"EntryPoint\",\"urlTemplate\":\"https:\/\/www.advanceceramic.it\/?s={search_term_string}\"},\"query-input\":\"required name=search_term_string\"}],\"inLanguage\":\"es\"},{\"@type\":\"WebPage\",\"@id\":\"https:\/\/www.advanceceramic.it\/es\/contactos\/#webpage\",\"url\":\"https:\/\/www.advanceceramic.it\/es\/contactos\/\",\"name\":\"Tecnolog\u00eda ADVANCE\u00ae: Cont\u00e1ctenos\",\"isPartOf\":{\"@id\":\"https:\/\/www.advanceceramic.it\/#website\"},\"datePublished\":\"2021-02-05T08:53:48+00:00\",\"dateModified\":\"2021-02-05T10:28:27+00:00\",\"description\":\"Quieres saber m\u00e1s sobre nuestra tecnolog\u00eda?No dudes en contactarnos: \u00a1rellena el siguiente formulario, te contestaremos lo antes posible!\",\"breadcrumb\":{\"@id\":\"https:\/\/www.advanceceramic.it\/es\/contactos\/#breadcrumb\"},\"inLanguage\":\"es\",\"potentialAction\":[{\"@type\":\"ReadAction\",\"target\":[\"https:\/\/www.advanceceramic.it\/es\/contactos\/\"]}]},{\"@type\":\"BreadcrumbList\",\"@id\":\"https:\/\/www.advanceceramic.it\/es\/contactos\/#breadcrumb\",\"itemListElement\":[{\"@type\":\"ListItem\",\"position\":1,\"name\":\"Home\",\"item\":\"https:\/\/www.advanceceramic.it\/es\/\"},{\"@type\":\"ListItem\",\"position\":2,\"name\":\"Contactos\"}]}]}<\/script>\n<!-- \/ Yoast SEO plugin. -->","yoast_head_json":{"title":"Tecnolog\u00eda ADVANCE\u00ae: Cont\u00e1ctenos","description":"Quieres saber m\u00e1s sobre nuestra tecnolog\u00eda?No dudes en contactarnos: \u00a1rellena el siguiente formulario, te contestaremos lo antes posible!","robots":{"index":"index","follow":"follow","max-snippet":"max-snippet:-1","max-image-preview":"max-image-preview:large","max-video-preview":"max-video-preview:-1"},"canonical":"https:\/\/www.advanceceramic.it\/es\/contactos\/","og_locale":"es_ES","og_type":"article","og_title":"Tecnolog\u00eda ADVANCE\u00ae: Cont\u00e1ctenos","og_description":"Quieres saber m\u00e1s sobre nuestra tecnolog\u00eda?No dudes en contactarnos: \u00a1rellena el siguiente formulario, te contestaremos lo antes posible!","og_url":"https:\/\/www.advanceceramic.it\/es\/contactos\/","og_site_name":"Advance","article_modified_time":"2021-02-05T10:28:27+00:00","twitter_card":"summary_large_image","twitter_misc":{"Tiempo de lectura":"1 minuto"},"schema":{"@context":"https:\/\/schema.org","@graph":[{"@type":"WebSite","@id":"https:\/\/www.advanceceramic.it\/#website","url":"https:\/\/www.advanceceramic.it\/","name":"Advance","description":"","potentialAction":[{"@type":"SearchAction","target":{"@type":"EntryPoint","urlTemplate":"https:\/\/www.advanceceramic.it\/?s={search_term_string}"},"query-input":"required name=search_term_string"}],"inLanguage":"es"},{"@type":"WebPage","@id":"https:\/\/www.advanceceramic.it\/es\/contactos\/#webpage","url":"https:\/\/www.advanceceramic.it\/es\/contactos\/","name":"Tecnolog\u00eda ADVANCE\u00ae: Cont\u00e1ctenos","isPartOf":{"@id":"https:\/\/www.advanceceramic.it\/#website"},"datePublished":"2021-02-05T08:53:48+00:00","dateModified":"2021-02-05T10:28:27+00:00","description":"Quieres saber m\u00e1s sobre nuestra tecnolog\u00eda?No dudes en contactarnos: \u00a1rellena el siguiente formulario, te contestaremos lo antes posible!","breadcrumb":{"@id":"https:\/\/www.advanceceramic.it\/es\/contactos\/#breadcrumb"},"inLanguage":"es","potentialAction":[{"@type":"ReadAction","target":["https:\/\/www.advanceceramic.it\/es\/contactos\/"]}]},{"@type":"BreadcrumbList","@id":"https:\/\/www.advanceceramic.it\/es\/contactos\/#breadcrumb","itemListElement":[{"@type":"ListItem","position":1,"name":"Home","item":"https:\/\/www.advanceceramic.it\/es\/"},{"@type":"ListItem","position":2,"name":"Contactos"}]}]}},"_links":{"self":[{"href":"https:\/\/www.advanceceramic.it\/es\/wp-json\/wp\/v2\/pages\/3652"}],"collection":[{"href":"https:\/\/www.advanceceramic.it\/es\/wp-json\/wp\/v2\/pages"}],"about":[{"href":"https:\/\/www.advanceceramic.it\/es\/wp-json\/wp\/v2\/types\/page"}],"author":[{"embeddable":true,"href":"https:\/\/www.advanceceramic.it\/es\/wp-json\/wp\/v2\/users\/1"}],"replies":[{"embeddable":true,"href":"https:\/\/www.advanceceramic.it\/es\/wp-json\/wp\/v2\/comments?post=3652"}],"version-history":[{"count":10,"href":"https:\/\/www.advanceceramic.it\/es\/wp-json\/wp\/v2\/pages\/3652\/revisions"}],"predecessor-version":[{"id":3774,"href":"https:\/\/www.advanceceramic.it\/es\/wp-json\/wp\/v2\/pages\/3652\/revisions\/3774"}],"wp:attachment":[{"href":"https:\/\/www.advanceceramic.it\/es\/wp-json\/wp\/v2\/media?parent=3652"}],"curies":[{"name":"wp","href":"https:\/\/api.w.org\/{rel}","templated":true}]}}